{"id":1044,"date":"2016-04-11T18:42:28","date_gmt":"2016-04-11T16:42:28","guid":{"rendered":"https:\/\/www.beautycostablanca.com\/politica-de-privacidad-de-datos\/"},"modified":"2024-11-22T13:47:35","modified_gmt":"2024-11-22T12:47:35","slug":"politica-de-privacidad-de-datos","status":"publish","type":"page","link":"https:\/\/www.beautycostablanca.com\/de\/politica-de-privacidad-de-datos\/","title":{"rendered":"Aviso Legal"},"content":{"rendered":"<h3><strong>POL\u00cdTICA PRIVACIDAD\u00a0<\/strong><\/h3>\n<p>Nombre Comercial: Elizabeth Racz<br \/>\nDomicilio Social: Avenida Gabriel Mir\u00f3 34, Centro Comercial Perlamar Local 12 Pl.2 Alicante Espa\u00f1a.<\/p>\n<p>NIE: X-3746997-K<br \/>\nNombre de dominio: https:\/\/www.beautycostablanca.com<\/p>\n<p>De conformidad con lo dispuesto en la Ley Org\u00e1nica 15\/1999, de Protecci\u00f3n de Datos de Car\u00e1cter Personal (LOPD) y su normativa de desarrollo, el responsable del sitio web, en cumplimiento de lo dispuesto en el art. 5 y 6 de la LOPD, informa a todos los usuarios del sitio web que faciliten o vayan a facilitar sus datos personales, que estos ser\u00e1n incorporados en un fichero automatizado que se encuentra debidamente inscrito en la Agencia Espa\u00f1ola de Protecci\u00f3n de Datos.<\/p>\n<p>Los usuarios, mediante la marcaci\u00f3n de la casilla, aceptan expresamente y de forma libre e inequ\u00edvoca que sus datos personales sean tratados por parte del prestador para realizar las siguientes finalidades:<\/p>\n<ul>\n<li>Remisi\u00f3n de comunicaciones comerciales publicitarias por e-mail, fax, SMS, MMS, comunidades sociales o cualesquier otro medio electr\u00f3nico o f\u00edsico, presente o futuro, que posibilite realizar comunicaci\u00f3n comerciales. Dichas comunicaciones comerciales ser\u00e1n relacionadas sobre productos o servicios ofrecidos por el prestador, as\u00ed como por parte de los colaboradores o parthners con los que \u00e9ste hubiera alcanzado alg\u00fan acuerdo de promoci\u00f3n comercial entre sus clientes. En este caso, los terceros nunca tendr\u00e1n acceso a los datos personales. En todo caso las comunicaciones comerciales ser\u00e1n realizadas por parte del prestador y ser\u00e1n de productos y servicios relacionados con el sector del prestador.<\/li>\n<li>Realizar estudios estad\u00edsticos.<\/li>\n<li>Tramitar encargos, solicitudes o cualquier tipo de petici\u00f3n que sea realizada por el usuario a trav\u00e9s de cualquiera de las formas de contacto que se ponen a disposici\u00f3n del usuario en el sitio web de la compa\u00f1\u00eda.<\/li>\n<li>Remitir el bolet\u00edn de noticias de la p\u00e1gina web.<\/li>\n<\/ul>\n<p>El prestador informa y garantiza expresamente a los usuarios que sus datos personales no ser\u00e1n cedidos en ning\u00fan caso a terceras compa\u00f1\u00edas, y que siempre que fuera a realizarse alg\u00fan tipo de cesi\u00f3n de datos personales, de forma previa, se solicitar\u00eda el consentimiento expreso, informado, e inequ\u00edvoco por parte de los titulares.<\/p>\n<p>Todos los datos solicitados a trav\u00e9s del sitio web son obligatorios, ya que son necesarios para la prestaci\u00f3n de un servicio \u00f3ptimo al usuario. En caso de que no sean facilitados todos los datos, el prestador no garantiza que la informaci\u00f3n y servicios facilitados sean completamente ajustados a sus necesidades.<\/p>\n<p>El prestador garantiza en todo caso al usuario el ejercicio de los derechos de acceso, rectificaci\u00f3n, cancelaci\u00f3n, informaci\u00f3n y oposici\u00f3n, en los t\u00e9rminos dispuestos en la legislaci\u00f3n vigente. Por ello, de conformidad con lo dispuesto en la Ley Org\u00e1nica 15\/1999, de Protecci\u00f3n de Datos de Car\u00e1cter Personal (LOPD) podr\u00e1 ejercer sus derechos remitiendo una solicitud expresa, junto a una copia de su DNI, a trav\u00e9s de los siguientes medios:<\/p>\n<p><strong>Email:<\/strong> elizabeth@beautycostablanca.com<\/p>\n<p>Del mismo modo, el usuario podr\u00e1 darse de baja de cualquiera de los servicios de suscripci\u00f3n facilitados por correo electr\u00f3nico al proveedor.<\/p>\n<p>Del mismo modo, el prestador ha adoptado todas las medidas t\u00e9cnicas y de organizaci\u00f3n necesarias para garantizar la seguridad e integridad de los datos de car\u00e1cter personal que trate, as\u00ed como para evitar su p\u00e9rdida, alteraci\u00f3n y\/o acceso por parte de terceros no autorizados.<\/p>\n<h4>M\u00e1s informaci\u00f3n:<\/h4>\n<p><a title=\"Pol\u00edtica de Cookies\" href=\"https:\/\/www.beautycostablanca.com\/politica-de-cookies\/\">https:\/\/www.beautycostablanca.com\/politica-de-cookies\/<\/a><br \/>\n<a title=\"M\u00e1s informaci\u00f3n sobre las cookies\" href=\"https:\/\/www.beautycostablanca.com\/mas-informacion-sobre-las-cookies\/\">https:\/\/www.beautycostablanca.com\/mas-informacion-sobre-las-cookies\/<\/a><\/p>\n<h4>DIRECCIONES IP<\/h4>\n<p>Los servidores del sitio web podr\u00e1n detectar de manera autom\u00e1tica la direcci\u00f3n IP y el nombre de dominio utilizados por el usuario. Una direcci\u00f3n IP es un n\u00famero asignado autom\u00e1ticamente a un ordenador cuando \u00e9sta se conecta a Internet. Toda esta informaci\u00f3n es registrada en un fichero de actividad del servidor debidamente inscrito que permite el posterior procesamiento de los datos con el fin de obtener mediciones \u00fanicamente estad\u00edsticas que permitan conocer el n\u00famero de impresiones de p\u00e1ginas, el n\u00famero de visitas realizadas a los servicios web, el orden de visitas, el punto de acceso, etc.<\/p>\n<h4>SEGURIDAD<\/h4>\n<p>El sitio web utiliza t\u00e9cnicas de seguridad de la informaci\u00f3n generalmente aceptadas en la industria, tales como firewalls, procedimientos de control de acceso y mecanismos criptogr\u00e1ficos, todo ello con el objeto de evitar el acceso no autorizado a los datos. Para lograr estos fines, el usuario\/cliente acepta que el prestador obtenga datos para efectos de la correspondiente autenticaci\u00f3n de los controles de acceso.<\/p>\n<h3>English translation below<\/h3>\n<p>Commercial Name: Elizabeth Racz<\/p>\n<p>Address: Avenida Gabriel Mir\u00f3 34, Centro Comercial Perlamar Local 12 Pl.2 Alicante\/Spain<\/p>\n<p>NIE: X-3746997-K<br \/>\nDomain Name: https:\/\/www.beautycostablanca.com<\/p>\n<p>In accordance with the provisions of Law 15\/1999 on Protection of Personal Data (LOPD) and its implementing regulations, the manager of the website, in compliance with the provisions of art. 5 and 6 of the LOPD, inform all users of the website who provide or provide personal data, that this information is incorporated into an automated file that is duly registered with the Spanish Data Protection Agency.<\/p>\n<p>Users freely and unequivocally accept that their personal data is processed by the provider for the following purposes:<\/p>\n<ul>\n<li>Sending commercial communications by e-mail, fax, SMS, MMS, social networks or any other electronic or physical, present or future, which enables commercial communication. Such communications will be related commercial products or services offered by the provider, as well as by reviewers or partners with which it had reached an agreement to promote trade among its clients. In this case, third parties will never have access to personal data. In any case the commercial communication shall be made by the provider and will be for products and related services sector provider.<\/li>\n<li>Statistical studies.<\/li>\n<li>Process orders, requests or any type of request that is made by the user through any of the contact forms available to the user on the website.<\/li>\n<li>Forwarding a newsletter from the website.<\/li>\n<\/ul>\n<p>The provider expressly informs and assures users that their personal data will not be disclosed under any circumstances to third party companies, and whenever any transfer of personal data is to be made, prior, express consent would be sought.<\/p>\n<p>All requested information through the web site is mandatory, as it necessary to provide optimal customer service. If all the data is not provided, the provider does not guarantee that the information and services provided are completely tailored to your needs.<\/p>\n<p>The provider ensures the user in any case the exercise of rights of access, rectification, cancellation, and opposition in the terms provided in the legislation. Therefore, in accordance with the provisions of Law 15\/1999 on Protection of Personal Data (LOPD) may exercise their rights by sending a specific request, along with a copy of your ID card through the following means:<\/p>\n<p><em><strong>Email:<\/strong> <\/em>elizabeth@beautycostablanca.com<\/p>\n<p>Similarly, the user may unsubscribe from any of the subscription services provided by emailing the provider.<br \/>\nSimilarly, the service provider has made the necessary technical and organizational measures to ensure the security and integrity of personal data that addresses measures and to avoid loss, alteration and \/ or access by unauthorized third parties.<\/p>\n<h4>IP ADDRESSES<\/h4>\n<p>The Website servers can automatically detect the IP address and domain name used by the user. An IP address is a number automatically assigned to a computer when it is connected to Internet. All this information is recorded in a file activity duly registered server that allows the subsequent processing of the data in order to obtain measurements only statistics that show the number of page impressions, number of visits to the web services the order of visits, the access point, security, protocols, etc.<\/p>\n<h4>SAFETY<\/h4>\n<p>The web site uses security techniques generally accepted in the information industry, such as firewalls, access control procedures and cryptographic mechanisms, all in order to prevent unauthorized access to data. To achieve these ends, the user \/ customer agrees that the provider obtain data for purposes of authentication for access control.<\/p>\n","protected":false},"excerpt":{"rendered":"<p>POL\u00cdTICA PRIVACIDAD\u00a0 Nombre Comercial: Elizabeth Racz Domicilio Social: Avenida Gabriel Mir\u00f3 34, Centro Comercial Perlamar Local 12 Pl.2 Alicante Espa\u00f1a. NIE: X-3746997-K Nombre de dominio: https:\/\/www.beautycostablanca.com De conformidad con lo dispuesto en la Ley Org\u00e1nica 15\/1999, de Protecci\u00f3n de Datos<span class=\"ellipsis\">&hellip;<\/span><\/p>\n<div class=\"read-more\"><a href=\"https:\/\/www.beautycostablanca.com\/de\/politica-de-privacidad-de-datos\/\">Weiterlesen \u203a<\/a><\/div>\n<p><!-- end of .read-more --><\/p>\n","protected":false},"author":1,"featured_media":0,"parent":0,"menu_order":0,"comment_status":"closed","ping_status":"closed","template":"","meta":{"_joinchat":[],"footnotes":""},"class_list":["post-1044","page","type-page","status-publish","hentry"],"_links":{"self":[{"href":"https:\/\/www.beautycostablanca.com\/de\/wp-json\/wp\/v2\/pages\/1044","targetHints":{"allow":["GET"]}}],"collection":[{"href":"https:\/\/www.beautycostablanca.com\/de\/wp-json\/wp\/v2\/pages"}],"about":[{"href":"https:\/\/www.beautycostablanca.com\/de\/wp-json\/wp\/v2\/types\/page"}],"author":[{"embeddable":true,"href":"https:\/\/www.beautycostablanca.com\/de\/wp-json\/wp\/v2\/users\/1"}],"replies":[{"embeddable":true,"href":"https:\/\/www.beautycostablanca.com\/de\/wp-json\/wp\/v2\/comments?post=1044"}],"version-history":[{"count":1,"href":"https:\/\/www.beautycostablanca.com\/de\/wp-json\/wp\/v2\/pages\/1044\/revisions"}],"predecessor-version":[{"id":1045,"href":"https:\/\/www.beautycostablanca.com\/de\/wp-json\/wp\/v2\/pages\/1044\/revisions\/1045"}],"wp:attachment":[{"href":"https:\/\/www.beautycostablanca.com\/de\/wp-json\/wp\/v2\/media?parent=1044"}],"curies":[{"name":"wp","href":"https:\/\/api.w.org\/{rel}","templated":true}]}}